{"id":102,"date":"2022-11-28T09:46:22","date_gmt":"2022-11-28T09:46:22","guid":{"rendered":"https:\/\/fotonareks.si\/nov\/?page_id=102"},"modified":"2025-09-19T09:24:01","modified_gmt":"2025-09-19T09:24:01","slug":"izdelava-enolistnih-koledarjev-za-leto-2023","status":"publish","type":"page","link":"https:\/\/fotonareks.si\/nov\/index.php\/izdelava-enolistnih-koledarjev-za-leto-2023\/","title":{"rendered":"Izdelava enolistnih koledarjev"},"content":{"rendered":"\n<figure class=\"wp-block-gallery has-nested-images columns-default is-cropped wp-block-gallery-1 is-layout-flex wp-block-gallery-is-layout-flex\">\n<figure class=\"wp-block-image size-full is-style-default\"><a href=\"https:\/\/www.spc-international.com\/gallery\/?abr=CP_2023\"><img loading=\"lazy\" decoding=\"async\" width=\"472\" height=\"708\" data-id=\"258\" src=\"https:\/\/fotonareks.si\/nov\/wp-content\/uploads\/2023\/11\/Foglio-002-1.jpg\" alt=\"\" class=\"wp-image-258\" srcset=\"https:\/\/fotonareks.si\/nov\/wp-content\/uploads\/2023\/11\/Foglio-002-1.jpg 472w, https:\/\/fotonareks.si\/nov\/wp-content\/uploads\/2023\/11\/Foglio-002-1-200x300.jpg 200w\" sizes=\"auto, (max-width: 472px) 100vw, 472px\" \/><\/a><\/figure>\n\n\n\n<figure class=\"wp-block-image size-full\"><a href=\"https:\/\/www.spc-international.com\/gallery\/?abr=CP_2023\"><img loading=\"lazy\" decoding=\"async\" width=\"472\" height=\"708\" data-id=\"257\" src=\"https:\/\/fotonareks.si\/nov\/wp-content\/uploads\/2023\/11\/Foglio-012.jpg\" alt=\"\" class=\"wp-image-257\" srcset=\"https:\/\/fotonareks.si\/nov\/wp-content\/uploads\/2023\/11\/Foglio-012.jpg 472w, https:\/\/fotonareks.si\/nov\/wp-content\/uploads\/2023\/11\/Foglio-012-200x300.jpg 200w\" sizes=\"auto, (max-width: 472px) 100vw, 472px\" \/><\/a><\/figure>\n\n\n\n<figure class=\"wp-block-image size-full\"><a href=\"https:\/\/www.spc-international.com\/gallery\/?abr=CP_2023\"><img loading=\"lazy\" decoding=\"async\" width=\"472\" height=\"708\" data-id=\"263\" src=\"https:\/\/fotonareks.si\/nov\/wp-content\/uploads\/2023\/11\/Foglio-005.jpg\" alt=\"\" class=\"wp-image-263\" srcset=\"https:\/\/fotonareks.si\/nov\/wp-content\/uploads\/2023\/11\/Foglio-005.jpg 472w, https:\/\/fotonareks.si\/nov\/wp-content\/uploads\/2023\/11\/Foglio-005-200x300.jpg 200w\" sizes=\"auto, (max-width: 472px) 100vw, 472px\" \/><\/a><\/figure>\n<\/figure>\n\n\n\n<h2 class=\"wp-block-heading\">Navodila za naro\u010dilo koledarja<\/h2>\n\n\n\n<p>Koledarje je mo\u017eno prevzeti pri nas, ali jih po\u0161ljemo po po\u0161ti, po povzetju.<\/p>\n\n\n\n<p>Lahko nam prineseta ali po\u0161ljete svoje posnetke, po mo\u017enosti v originalni resoluciji<\/p>\n\n\n\n<p>Le tako vam bomo lahko izdelali kvalitetne koledarje in poslali v predogled.<\/p>\n\n\n\n<p>Na povezavi si lahko ogledate <a href=\"https:\/\/www.spc-international.com\/gallery\/?abr=CP_2023\">vzorce koledarjev<\/a>, je pa mo\u017eno na \u017eeljo dodati kaj originalega. <\/p>\n\n\n\n<p>Naprimer traktor, avto, risani junak\u2026<\/p>\n\n\n\n<p><\/p>\n\n\n\n<figure class=\"wp-block-table\"><table><thead><tr><td>CENIK IZDELAVE NOVOLETNIH ENOLISTNIH KOLEDARJEV<\/td><th><\/th><\/tr><\/thead><tbody><tr><td><strong>VELIKOST A4 (20 x 30 cm)<\/strong><\/td><td><\/td><\/tr><tr><td>naro\u010dilo od 1 do 3&nbsp;<\/td><td>5,80 EUR\/KOM<\/td><\/tr><tr><td>naro\u010dilo od 4 do 11 koledarjev<\/td><td>5,30 EUR\/KOM<\/td><\/tr><tr><td>naro\u010dilo od 12 koledarjev<\/td><td>4,50 EUR\/KOM&nbsp;<\/td><\/tr><tr><td><\/td><td><\/td><\/tr><tr><td><strong>VELIKOST A3 (30 x 40, 30\u00d742)<\/strong><\/td><td><\/td><\/tr><tr><td>naro\u010dilo od 1 do 3 koledarjev<\/td><td>8,90 EUR\/KOM<\/td><\/tr><tr><td>naro\u010dilo od 4 do 11 koledarjev<\/td><td>7,90 EUR\/KOM<\/td><\/tr><tr><td>naro\u010dilo od 12 koledarjev<\/td><td>6,90 EUR\/KOM<\/td><\/tr><tr><td><\/td><td><\/td><\/tr><tr><td><strong>VELIKOST 30\u00d745 cm<\/strong><\/td><td><\/td><\/tr><tr><td>naro\u010dilo od 1 do 3 koledarjev<\/td><td>9,90 EUR\/KOM<\/td><\/tr><tr><td>naro\u010dilo od 4 do 11 koledarjev<\/td><td>8,90 EUR\/KOM<\/td><\/tr><tr><td>naro\u010dilo od 12 koledarjev<\/td><td>7,90 EUR\/KOM<\/td><\/tr><\/tbody><\/table><\/figure>\n","protected":false},"excerpt":{"rendered":"<p>Navodila za naro\u010dilo koledarja Koledarje je mo\u017eno prevzeti pri nas, ali jih po\u0161ljemo po po\u0161ti, po povzetju. Lahko nam prineseta ali po\u0161ljete svoje posnetke, po mo\u017enosti v originalni resoluciji Le tako vam bomo lahko izdelali kvalitetne koledarje in poslali v predogled. Na povezavi si lahko ogledate vzorce koledarjev, je pa mo\u017eno na \u017eeljo dodati kaj &hellip; <\/p>\n","protected":false},"author":1,"featured_media":0,"parent":0,"menu_order":0,"comment_status":"closed","ping_status":"closed","template":"","meta":{"footnotes":""},"class_list":["post-102","page","type-page","status-publish","hentry"],"_links":{"self":[{"href":"https:\/\/fotonareks.si\/nov\/index.php\/wp-json\/wp\/v2\/pages\/102","targetHints":{"allow":["GET"]}}],"collection":[{"href":"https:\/\/fotonareks.si\/nov\/index.php\/wp-json\/wp\/v2\/pages"}],"about":[{"href":"https:\/\/fotonareks.si\/nov\/index.php\/wp-json\/wp\/v2\/types\/page"}],"author":[{"embeddable":true,"href":"https:\/\/fotonareks.si\/nov\/index.php\/wp-json\/wp\/v2\/users\/1"}],"replies":[{"embeddable":true,"href":"https:\/\/fotonareks.si\/nov\/index.php\/wp-json\/wp\/v2\/comments?post=102"}],"version-history":[{"count":17,"href":"https:\/\/fotonareks.si\/nov\/index.php\/wp-json\/wp\/v2\/pages\/102\/revisions"}],"predecessor-version":[{"id":554,"href":"https:\/\/fotonareks.si\/nov\/index.php\/wp-json\/wp\/v2\/pages\/102\/revisions\/554"}],"wp:attachment":[{"href":"https:\/\/fotonareks.si\/nov\/index.php\/wp-json\/wp\/v2\/media?parent=102"}],"curies":[{"name":"wp","href":"https:\/\/api.w.org\/{rel}","templated":true}]}}