{"id":365,"date":"2024-02-20T16:38:22","date_gmt":"2024-02-20T16:38:22","guid":{"rendered":"https:\/\/fotonareks.si\/nov\/?page_id=365"},"modified":"2026-03-18T08:30:46","modified_gmt":"2026-03-18T08:30:46","slug":"porocna-fotografija","status":"publish","type":"page","link":"https:\/\/fotonareks.si\/nov\/index.php\/porocna-fotografija\/","title":{"rendered":"Poro\u010dna fotografija"},"content":{"rendered":"\n<h2 class=\"wp-block-heading\">FOTOGRAFIRANJE OBREDA IN PORTRETNO FOTOGRAFIRANJE<\/h2>\n\n\n\n<p><strong>VKLJU\u010cUJE?<\/strong><\/p>\n\n\n\n<p>Prisotnost  fotografa.<\/p>\n\n\n\n<p>Cca 2 ure prisotnosti na poroki.<\/p>\n\n\n\n<p>Fotografiranje civilne ali cerkvene poroke.<\/p>\n\n\n\n<p>Vklju\u010deno skupinsko fotografiranje in portretiranje.<\/p>\n\n\n\n<p>Vsaj 120 obdelanih fotografij visoke lo\u010dljivosti.<\/p>\n\n\n\n<p>Spletna galerija za\u0161\u010ditena z geslom.<\/p>\n\n\n\n<p>Potni stro\u0161ki niso vklju\u010deni v ceno.<\/p>\n\n\n\n<h4 class=\"wp-block-heading\">CENA: 450\u20ac<\/h4>\n\n\n\n<p>_________________________________________________________________________________________<\/p>\n\n\n\n<h2 class=\"wp-block-heading\">POPOLDANSKA POROKA<\/h2>\n\n\n\n<h4 class=\"wp-block-heading\"><strong>VKLJU\u010cUJE?<\/strong><\/h4>\n\n\n\n<p>Prisotnost dveh fotografov.<\/p>\n\n\n\n<p>Za\u010detek nekje po 13:00 uri in zaklju\u010dek po metanju \u0161opka, podvezice.<\/p>\n\n\n\n<p>Fotografiranje civilne in cerkvene poroke, skupinske fotografije, portretov, poro\u010dnega slavja in dogajanja.<\/p>\n\n\n\n<p>Najmanj 350 obdelanih fotografij visoke lo\u010dljivosti.<\/p>\n\n\n\n<p>Potni stro\u0161ki niso vklju\u010deni v ceno.<\/p>\n\n\n\n<p><strong>Cena: 850\u20ac<\/strong><\/p>\n\n\n\n<p>_________________________________________________________________________________________<\/p>\n\n\n\n<h2 class=\"wp-block-heading\">CELODNEVNA POROKA<\/h2>\n\n\n\n<p><strong>VKLJU\u010cUJE:<\/strong><\/p>\n\n\n\n<p>Prisotnost dveh profesionalnih fotografov.<\/p>\n\n\n\n<p>Fotografiranje priprav, civilne in cerkvene poroke, skupinske fotografije, portretov, poro\u010dnega slavja in dogajanja.<\/p>\n\n\n\n<p>Vklju\u010deno tudi fotografiranje z brezpilotnim letalnikom (dronom).<\/p>\n\n\n\n<p>Najmanj 600 obdelanih fotografij visoke lo\u010dljivosti.<\/p>\n\n\n\n<p>Spletna galerija za\u0161\u010ditena z geslom.<\/p>\n\n\n\n<p>Potni stro\u0161ki niso vklju\u010deni v ceno.<\/p>\n\n\n\n<p class=\"has-text-align-left\"><strong>CENA: 1100\u20ac<\/strong><\/p>\n\n\n\n<p>_________________________________________________________________________________________<\/p>\n\n\n\n<p>Za ve\u010d informacij in rezervacije pi\u0161ite na e-po\u0161tni naslov <strong><a>mnareks@gmail.com<\/a><\/strong> ali pokli\u010dite na telefonsko \u0161tevilko <strong>041 681 244<\/strong>.<\/p>\n\n\n\n<div class=\"wp-block-columns is-layout-flex wp-container-core-columns-is-layout-9d6595d7 wp-block-columns-is-layout-flex\">\n<div class=\"wp-block-column is-layout-flow wp-block-column-is-layout-flow\" style=\"flex-basis:100%\">\n<figure class=\"wp-block-gallery has-nested-images columns-default is-cropped wp-block-gallery-1 is-layout-flex wp-block-gallery-is-layout-flex\">\n<figure class=\"wp-block-image size-large\"><img loading=\"lazy\" decoding=\"async\" width=\"681\" height=\"1024\" data-id=\"371\" src=\"https:\/\/fotonareks.si\/nov\/wp-content\/uploads\/2024\/02\/0001_poroka_KA-681x1024.jpg\" alt=\"\" class=\"wp-image-371\" srcset=\"https:\/\/fotonareks.si\/nov\/wp-content\/uploads\/2024\/02\/0001_poroka_KA-681x1024.jpg 681w, https:\/\/fotonareks.si\/nov\/wp-content\/uploads\/2024\/02\/0001_poroka_KA-200x300.jpg 200w, https:\/\/fotonareks.si\/nov\/wp-content\/uploads\/2024\/02\/0001_poroka_KA-768x1155.jpg 768w, https:\/\/fotonareks.si\/nov\/wp-content\/uploads\/2024\/02\/0001_poroka_KA.jpg 798w\" sizes=\"auto, (max-width: 681px) 100vw, 681px\" \/><\/figure>\n\n\n\n<figure class=\"wp-block-image size-large\"><img loading=\"lazy\" decoding=\"async\" width=\"1024\" height=\"681\" data-id=\"369\" src=\"https:\/\/fotonareks.si\/nov\/wp-content\/uploads\/2024\/02\/0204_poroka_KA-1024x681.jpg\" alt=\"\" class=\"wp-image-369\" srcset=\"https:\/\/fotonareks.si\/nov\/wp-content\/uploads\/2024\/02\/0204_poroka_KA-1024x681.jpg 1024w, https:\/\/fotonareks.si\/nov\/wp-content\/uploads\/2024\/02\/0204_poroka_KA-300x200.jpg 300w, https:\/\/fotonareks.si\/nov\/wp-content\/uploads\/2024\/02\/0204_poroka_KA-768x511.jpg 768w, https:\/\/fotonareks.si\/nov\/wp-content\/uploads\/2024\/02\/0204_poroka_KA.jpg 1200w\" sizes=\"auto, (max-width: 1024px) 100vw, 1024px\" \/><\/figure>\n<\/figure>\n\n\n\n<figure class=\"wp-block-image size-large\"><img loading=\"lazy\" decoding=\"async\" width=\"1024\" height=\"683\" src=\"https:\/\/fotonareks.si\/nov\/wp-content\/uploads\/2024\/02\/0724-DSC_6796-copy.jpg-1024x683.jpg\" alt=\"\" class=\"wp-image-366\" srcset=\"https:\/\/fotonareks.si\/nov\/wp-content\/uploads\/2024\/02\/0724-DSC_6796-copy.jpg-1024x683.jpg 1024w, https:\/\/fotonareks.si\/nov\/wp-content\/uploads\/2024\/02\/0724-DSC_6796-copy.jpg-300x200.jpg 300w, https:\/\/fotonareks.si\/nov\/wp-content\/uploads\/2024\/02\/0724-DSC_6796-copy.jpg-768x512.jpg 768w, https:\/\/fotonareks.si\/nov\/wp-content\/uploads\/2024\/02\/0724-DSC_6796-copy.jpg.jpg 1200w\" sizes=\"auto, (max-width: 1024px) 100vw, 1024px\" \/><\/figure>\n<\/div>\n<\/div>\n","protected":false},"excerpt":{"rendered":"<p>FOTOGRAFIRANJE OBREDA IN PORTRETNO FOTOGRAFIRANJE VKLJU\u010cUJE? Prisotnost fotografa. Cca 2 ure prisotnosti na poroki. Fotografiranje civilne ali cerkvene poroke. Vklju\u010deno skupinsko fotografiranje in portretiranje. Vsaj 120 obdelanih fotografij visoke lo\u010dljivosti. Spletna galerija za\u0161\u010ditena z geslom. Potni stro\u0161ki niso vklju\u010deni v ceno. CENA: 450\u20ac _________________________________________________________________________________________ POPOLDANSKA POROKA VKLJU\u010cUJE? Prisotnost dveh fotografov. Za\u010detek nekje po 13:00 uri &hellip; <\/p>\n","protected":false},"author":1,"featured_media":0,"parent":0,"menu_order":0,"comment_status":"closed","ping_status":"closed","template":"","meta":{"footnotes":""},"class_list":["post-365","page","type-page","status-publish","hentry"],"_links":{"self":[{"href":"https:\/\/fotonareks.si\/nov\/index.php\/wp-json\/wp\/v2\/pages\/365","targetHints":{"allow":["GET"]}}],"collection":[{"href":"https:\/\/fotonareks.si\/nov\/index.php\/wp-json\/wp\/v2\/pages"}],"about":[{"href":"https:\/\/fotonareks.si\/nov\/index.php\/wp-json\/wp\/v2\/types\/page"}],"author":[{"embeddable":true,"href":"https:\/\/fotonareks.si\/nov\/index.php\/wp-json\/wp\/v2\/users\/1"}],"replies":[{"embeddable":true,"href":"https:\/\/fotonareks.si\/nov\/index.php\/wp-json\/wp\/v2\/comments?post=365"}],"version-history":[{"count":9,"href":"https:\/\/fotonareks.si\/nov\/index.php\/wp-json\/wp\/v2\/pages\/365\/revisions"}],"predecessor-version":[{"id":782,"href":"https:\/\/fotonareks.si\/nov\/index.php\/wp-json\/wp\/v2\/pages\/365\/revisions\/782"}],"wp:attachment":[{"href":"https:\/\/fotonareks.si\/nov\/index.php\/wp-json\/wp\/v2\/media?parent=365"}],"curies":[{"name":"wp","href":"https:\/\/api.w.org\/{rel}","templated":true}]}}