{"id":571,"date":"2026-03-11T09:10:43","date_gmt":"2026-03-11T09:10:43","guid":{"rendered":"https:\/\/fotonareks.si\/nov\/?page_id=571"},"modified":"2026-03-19T10:23:01","modified_gmt":"2026-03-19T10:23:01","slug":"loncki","status":"publish","type":"page","link":"https:\/\/fotonareks.si\/nov\/index.php\/loncki\/","title":{"rendered":"Lon\u010dki"},"content":{"rendered":"<h1 class=\"has-text-align-left wp-block-post-title\">Lon\u010dki<\/h1>\n\n\n<div class=\"wp-block-group is-nowrap is-layout-flex wp-container-core-group-is-layout-ad2f72ca wp-block-group-is-layout-flex\">\n<p class=\"has-medium-font-size\">Poleg personaliziranih lon\u010dkov imamo za vas na voljo tudi \u017ee pripravljene lon\u010dke, ki jih lahko naro\u010dite preko mail ali v studiu. Trenutno so na voljo \u0161tiri dizajni, kmalu pa jih bo na voljo \u0161e ve\u010d, ko jih bo na\u0161a risarka narisala. <\/p>\n\n\n\n<figure class=\"wp-block-image size-large\"><img loading=\"lazy\" decoding=\"async\" width=\"1620\" height=\"2160\" src=\"https:\/\/fotonareks.si\/nov\/wp-content\/uploads\/2026\/03\/noBG-edited.png\" alt=\"\" class=\"wp-image-802\" srcset=\"https:\/\/fotonareks.si\/nov\/wp-content\/uploads\/2026\/03\/noBG-edited.png 1620w, https:\/\/fotonareks.si\/nov\/wp-content\/uploads\/2026\/03\/noBG-edited-225x300.png 225w, https:\/\/fotonareks.si\/nov\/wp-content\/uploads\/2026\/03\/noBG-edited-768x1024.png 768w, https:\/\/fotonareks.si\/nov\/wp-content\/uploads\/2026\/03\/noBG-edited-100x133.png 100w, https:\/\/fotonareks.si\/nov\/wp-content\/uploads\/2026\/03\/noBG-edited-1152x1536.png 1152w, https:\/\/fotonareks.si\/nov\/wp-content\/uploads\/2026\/03\/noBG-edited-1536x2048.png 1536w\" sizes=\"auto, (max-width: 1620px) 100vw, 1620px\" \/><\/figure>\n\n\n\n<figure class=\"wp-block-image size-large\"><img loading=\"lazy\" decoding=\"async\" width=\"1620\" height=\"2160\" src=\"https:\/\/fotonareks.si\/nov\/wp-content\/uploads\/2026\/03\/noBG2-edited.png\" alt=\"\" class=\"wp-image-803\" srcset=\"https:\/\/fotonareks.si\/nov\/wp-content\/uploads\/2026\/03\/noBG2-edited.png 1620w, https:\/\/fotonareks.si\/nov\/wp-content\/uploads\/2026\/03\/noBG2-edited-225x300.png 225w, https:\/\/fotonareks.si\/nov\/wp-content\/uploads\/2026\/03\/noBG2-edited-768x1024.png 768w, https:\/\/fotonareks.si\/nov\/wp-content\/uploads\/2026\/03\/noBG2-edited-100x133.png 100w, https:\/\/fotonareks.si\/nov\/wp-content\/uploads\/2026\/03\/noBG2-edited-1152x1536.png 1152w, https:\/\/fotonareks.si\/nov\/wp-content\/uploads\/2026\/03\/noBG2-edited-1536x2048.png 1536w\" sizes=\"auto, (max-width: 1620px) 100vw, 1620px\" \/><\/figure>\n<\/div>\n\n\n\n<figure class=\"wp-block-gallery has-nested-images columns-default is-cropped wp-block-gallery-1 is-layout-flex wp-block-gallery-is-layout-flex\">\n<figure class=\"wp-block-image size-large\"><img loading=\"lazy\" decoding=\"async\" width=\"1024\" height=\"439\" data-id=\"575\" src=\"https:\/\/fotonareks.si\/nov\/wp-content\/uploads\/2026\/03\/to_tiered-1-1024x439.jpg\" alt=\"\" class=\"wp-image-575\" srcset=\"https:\/\/fotonareks.si\/nov\/wp-content\/uploads\/2026\/03\/to_tiered-1-1024x439.jpg 1024w, https:\/\/fotonareks.si\/nov\/wp-content\/uploads\/2026\/03\/to_tiered-1-300x129.jpg 300w, https:\/\/fotonareks.si\/nov\/wp-content\/uploads\/2026\/03\/to_tiered-1-768x329.jpg 768w, https:\/\/fotonareks.si\/nov\/wp-content\/uploads\/2026\/03\/to_tiered-1-100x43.jpg 100w, https:\/\/fotonareks.si\/nov\/wp-content\/uploads\/2026\/03\/to_tiered-1-1536x658.jpg 1536w, https:\/\/fotonareks.si\/nov\/wp-content\/uploads\/2026\/03\/to_tiered-1-2048x878.jpg 2048w\" sizes=\"auto, (max-width: 1024px) 100vw, 1024px\" \/><figcaption class=\"wp-element-caption\">Ne govori z mano, dokler ne spijem svoje kave. &#8211; ANG<\/figcaption><\/figure>\n\n\n\n<figure class=\"wp-block-image size-large\"><img loading=\"lazy\" decoding=\"async\" width=\"1024\" height=\"439\" data-id=\"624\" src=\"https:\/\/fotonareks.si\/nov\/wp-content\/uploads\/2026\/03\/to-tiered-1024x439.jpg\" alt=\"\" class=\"wp-image-624\" srcset=\"https:\/\/fotonareks.si\/nov\/wp-content\/uploads\/2026\/03\/to-tiered-1024x439.jpg 1024w, https:\/\/fotonareks.si\/nov\/wp-content\/uploads\/2026\/03\/to-tiered-300x129.jpg 300w, https:\/\/fotonareks.si\/nov\/wp-content\/uploads\/2026\/03\/to-tiered-768x329.jpg 768w, https:\/\/fotonareks.si\/nov\/wp-content\/uploads\/2026\/03\/to-tiered-100x43.jpg 100w, https:\/\/fotonareks.si\/nov\/wp-content\/uploads\/2026\/03\/to-tiered-1536x658.jpg 1536w, https:\/\/fotonareks.si\/nov\/wp-content\/uploads\/2026\/03\/to-tiered-2048x878.jpg 2048w\" sizes=\"auto, (max-width: 1024px) 100vw, 1024px\" \/><figcaption class=\"wp-element-caption\">Ne govori z mano, dokler ne spijem svoje kave. &#8211; SLO<\/figcaption><\/figure>\n<\/figure>\n\n\n\n<figure class=\"wp-block-gallery has-nested-images columns-default is-cropped wp-block-gallery-2 is-layout-flex wp-block-gallery-is-layout-flex\">\n<figure class=\"wp-block-image size-large\"><img loading=\"lazy\" decoding=\"async\" width=\"1024\" height=\"439\" data-id=\"584\" src=\"https:\/\/fotonareks.si\/nov\/wp-content\/uploads\/2026\/03\/what-doesnt-kil-u1-1024x439.jpg\" alt=\"\" class=\"wp-image-584\" srcset=\"https:\/\/fotonareks.si\/nov\/wp-content\/uploads\/2026\/03\/what-doesnt-kil-u1-1024x439.jpg 1024w, https:\/\/fotonareks.si\/nov\/wp-content\/uploads\/2026\/03\/what-doesnt-kil-u1-300x129.jpg 300w, https:\/\/fotonareks.si\/nov\/wp-content\/uploads\/2026\/03\/what-doesnt-kil-u1-768x329.jpg 768w, https:\/\/fotonareks.si\/nov\/wp-content\/uploads\/2026\/03\/what-doesnt-kil-u1-100x43.jpg 100w, https:\/\/fotonareks.si\/nov\/wp-content\/uploads\/2026\/03\/what-doesnt-kil-u1-1536x658.jpg 1536w, https:\/\/fotonareks.si\/nov\/wp-content\/uploads\/2026\/03\/what-doesnt-kil-u1-2048x878.jpg 2048w\" sizes=\"auto, (max-width: 1024px) 100vw, 1024px\" \/><figcaption class=\"wp-element-caption\">Kar te ne ubije, mutira in poskusi znova. &#8211; ANG<\/figcaption><\/figure>\n\n\n\n<figure class=\"wp-block-image size-large\"><img loading=\"lazy\" decoding=\"async\" width=\"1024\" height=\"439\" data-id=\"626\" src=\"https:\/\/fotonareks.si\/nov\/wp-content\/uploads\/2026\/03\/what-doesnt-kil-u-SLO-1-1024x439.jpg\" alt=\"\" class=\"wp-image-626\" srcset=\"https:\/\/fotonareks.si\/nov\/wp-content\/uploads\/2026\/03\/what-doesnt-kil-u-SLO-1-1024x439.jpg 1024w, https:\/\/fotonareks.si\/nov\/wp-content\/uploads\/2026\/03\/what-doesnt-kil-u-SLO-1-300x129.jpg 300w, https:\/\/fotonareks.si\/nov\/wp-content\/uploads\/2026\/03\/what-doesnt-kil-u-SLO-1-768x329.jpg 768w, https:\/\/fotonareks.si\/nov\/wp-content\/uploads\/2026\/03\/what-doesnt-kil-u-SLO-1-100x43.jpg 100w, https:\/\/fotonareks.si\/nov\/wp-content\/uploads\/2026\/03\/what-doesnt-kil-u-SLO-1-1536x658.jpg 1536w, https:\/\/fotonareks.si\/nov\/wp-content\/uploads\/2026\/03\/what-doesnt-kil-u-SLO-1-2048x878.jpg 2048w\" sizes=\"auto, (max-width: 1024px) 100vw, 1024px\" \/><figcaption class=\"wp-element-caption\">Kar te ne ubije, mutira in poskusi znova. &#8211; SLO<\/figcaption><\/figure>\n<\/figure>\n\n\n\n<div data-wp-context=\"{ &quot;autoclose&quot;: false, &quot;accordionItems&quot;: [] }\" data-wp-interactive=\"core\/accordion\" role=\"group\" class=\"wp-block-accordion is-layout-flow wp-block-accordion-is-layout-flow\">\n<div data-wp-class--is-open=\"state.isOpen\" data-wp-context=\"{ &quot;id&quot;: &quot;accordion-item-3&quot;, &quot;openByDefault&quot;: false }\" data-wp-init=\"callbacks.initAccordionItems\" data-wp-on-window--hashchange=\"callbacks.hashChange\" class=\"wp-block-accordion-item is-layout-flow wp-block-accordion-item-is-layout-flow\">\n<h3 class=\"wp-block-accordion-heading\"><button aria-expanded=\"false\" aria-controls=\"accordion-item-3-panel\" data-wp-bind--aria-expanded=\"state.isOpen\" data-wp-on--click=\"actions.toggle\" data-wp-on--keydown=\"actions.handleKeyDown\" id=\"accordion-item-3\" type=\"button\" class=\"wp-block-accordion-heading__toggle\"><span class=\"wp-block-accordion-heading__toggle-title\">Kako naro\u010dim?<\/span><span class=\"wp-block-accordion-heading__toggle-icon\" aria-hidden=\"true\">+<\/span><\/button><\/h3>\n\n\n\n<div inert aria-labelledby=\"accordion-item-3\" data-wp-bind--inert=\"!state.isOpen\" id=\"accordion-item-3-panel\" role=\"region\" class=\"wp-block-accordion-panel is-layout-flow wp-block-accordion-panel-is-layout-flow\">\n<p class=\"has-black-color has-text-color has-link-color wp-elements-4fbdc79da2bb1d416865ef2aa18f526b\" style=\"font-style:normal;font-weight:400;text-decoration:none\">Po\u0161lji nam naro\u010dilo na <a>info@fotonareks.si<\/a> in sporo\u010di, kateri dizajn te zanima. Imamo tudi razli\u010dne barve lon\u010dkov, \u010de ti klasi\u010dna bela ni v\u0161e\u010d, lahko izbira\u0161 med razli\u010dicami z barvno notranjostjo.<\/p>\n<\/div>\n<\/div>\n<\/div>\n\n\n\n<div data-wp-context=\"{ &quot;autoclose&quot;: false, &quot;accordionItems&quot;: [] }\" data-wp-interactive=\"core\/accordion\" role=\"group\" class=\"wp-block-accordion is-layout-flow wp-block-accordion-is-layout-flow\">\n<div data-wp-class--is-open=\"state.isOpen\" data-wp-context=\"{ &quot;id&quot;: &quot;accordion-item-4&quot;, &quot;openByDefault&quot;: false }\" data-wp-init=\"callbacks.initAccordionItems\" data-wp-on-window--hashchange=\"callbacks.hashChange\" class=\"wp-block-accordion-item is-layout-flow wp-block-accordion-item-is-layout-flow\">\n<h3 class=\"wp-block-accordion-heading\"><button aria-expanded=\"false\" aria-controls=\"accordion-item-4-panel\" data-wp-bind--aria-expanded=\"state.isOpen\" data-wp-on--click=\"actions.toggle\" data-wp-on--keydown=\"actions.handleKeyDown\" id=\"accordion-item-4\" type=\"button\" class=\"wp-block-accordion-heading__toggle\"><span class=\"wp-block-accordion-heading__toggle-title\">Dizajni mi niso v\u0161e\u010d, imate \u0161e kak\u0161ne?<\/span><span class=\"wp-block-accordion-heading__toggle-icon\" aria-hidden=\"true\">+<\/span><\/button><\/h3>\n\n\n\n<div inert aria-labelledby=\"accordion-item-4\" data-wp-bind--inert=\"!state.isOpen\" id=\"accordion-item-4-panel\" role=\"region\" class=\"wp-block-accordion-panel is-layout-flow wp-block-accordion-panel-is-layout-flow\">\n<p>\u017dal so trenutno na voljo le ti \u0161tirje, lahko pa vam po \u017eelji pripravimo tudi dizajn po meri. V tem primeru dizajn ne bo \u017ee narisan, saj na\u0161a risarka za pripravo potrebuje dodaten \u010das, zato je storitev tudi dra\u017eja. <\/p>\n\n\n\n<p>\u010ce \u017eelite personaliziran, ro\u010dno narisan dizajn, se lahko dogovorite z na\u0161o risarko, cena je odvisna od zahtevnosti in se za\u010dne pri 15 \u20ac dalje, kar ne vklju\u010duje cene tiska na lon\u010dka (10 \u20ac).<\/p>\n<\/div>\n<\/div>\n<\/div>\n","protected":false},"excerpt":{"rendered":"<p>Poleg personaliziranih lon\u010dkov imamo za vas na voljo tudi \u017ee pripravljene lon\u010dke, ki jih lahko naro\u010dite preko mail ali v studiu. Trenutno so na voljo \u0161tiri dizajni, kmalu pa jih bo na voljo \u0161e ve\u010d, ko jih bo na\u0161a risarka narisala.<\/p>\n","protected":false},"author":1,"featured_media":0,"parent":0,"menu_order":0,"comment_status":"closed","ping_status":"closed","template":"","meta":{"footnotes":""},"class_list":["post-571","page","type-page","status-publish","hentry"],"_links":{"self":[{"href":"https:\/\/fotonareks.si\/nov\/index.php\/wp-json\/wp\/v2\/pages\/571","targetHints":{"allow":["GET"]}}],"collection":[{"href":"https:\/\/fotonareks.si\/nov\/index.php\/wp-json\/wp\/v2\/pages"}],"about":[{"href":"https:\/\/fotonareks.si\/nov\/index.php\/wp-json\/wp\/v2\/types\/page"}],"author":[{"embeddable":true,"href":"https:\/\/fotonareks.si\/nov\/index.php\/wp-json\/wp\/v2\/users\/1"}],"replies":[{"embeddable":true,"href":"https:\/\/fotonareks.si\/nov\/index.php\/wp-json\/wp\/v2\/comments?post=571"}],"version-history":[{"count":18,"href":"https:\/\/fotonareks.si\/nov\/index.php\/wp-json\/wp\/v2\/pages\/571\/revisions"}],"predecessor-version":[{"id":805,"href":"https:\/\/fotonareks.si\/nov\/index.php\/wp-json\/wp\/v2\/pages\/571\/revisions\/805"}],"wp:attachment":[{"href":"https:\/\/fotonareks.si\/nov\/index.php\/wp-json\/wp\/v2\/media?parent=571"}],"curies":[{"name":"wp","href":"https:\/\/api.w.org\/{rel}","templated":true}]}}