{"id":617,"date":"2026-03-11T11:29:51","date_gmt":"2026-03-11T11:29:51","guid":{"rendered":"https:\/\/fotonareks.si\/nov\/?page_id=617"},"modified":"2026-03-17T08:20:51","modified_gmt":"2026-03-17T08:20:51","slug":"praznicno-in-sezonsko-fotografiranje","status":"publish","type":"page","link":"https:\/\/fotonareks.si\/nov\/index.php\/praznicno-in-sezonsko-fotografiranje\/","title":{"rendered":"Prazni\u010dno in sezonsko fotografiranje"},"content":{"rendered":"\n<p><br>Ponujamo ve\u010d razli\u010dnih fotografiranj skozi vse leto : prazni\u010dna, poletna in za nevtralno. Vsako sezono pripravimo novo, edinstveno sceno, da so va\u0161e fotografije vedno sve\u017ee, unikatne in polne pristnih trenutkov, ki jih boste z veseljem ohranili za spomin.<\/p>\n\n\n\n<p><strong>Spremljajte nas na dru\u017ebenih omre\u017ejih<\/strong>, da vidite, kak\u0161ne scene so trenutno na voljo. Bo\u017ei\u010dno oz. novoletno fotografiranje za\u010dnemo pripravljati \u017ee novembra!<\/p>\n\n\n\n<figure class=\"wp-block-gallery has-nested-images columns-default is-cropped wp-block-gallery-1 is-layout-flex wp-block-gallery-is-layout-flex\">\n<figure class=\"wp-block-image size-large\"><img loading=\"lazy\" decoding=\"async\" width=\"693\" height=\"1024\" data-id=\"618\" src=\"https:\/\/fotonareks.si\/nov\/wp-content\/uploads\/2026\/03\/Asset-1-693x1024.png\" alt=\"\" class=\"wp-image-618\" srcset=\"https:\/\/fotonareks.si\/nov\/wp-content\/uploads\/2026\/03\/Asset-1-693x1024.png 693w, https:\/\/fotonareks.si\/nov\/wp-content\/uploads\/2026\/03\/Asset-1-203x300.png 203w, https:\/\/fotonareks.si\/nov\/wp-content\/uploads\/2026\/03\/Asset-1-768x1135.png 768w, https:\/\/fotonareks.si\/nov\/wp-content\/uploads\/2026\/03\/Asset-1-100x148.png 100w, https:\/\/fotonareks.si\/nov\/wp-content\/uploads\/2026\/03\/Asset-1-1040x1536.png 1040w, https:\/\/fotonareks.si\/nov\/wp-content\/uploads\/2026\/03\/Asset-1-1386x2048.png 1386w, https:\/\/fotonareks.si\/nov\/wp-content\/uploads\/2026\/03\/Asset-1.png 1456w\" sizes=\"auto, (max-width: 693px) 100vw, 693px\" \/><\/figure>\n\n\n\n<figure class=\"wp-block-image size-large\"><img loading=\"lazy\" decoding=\"async\" width=\"695\" height=\"1024\" data-id=\"619\" src=\"https:\/\/fotonareks.si\/nov\/wp-content\/uploads\/2026\/03\/Asset-2-695x1024.png\" alt=\"\" class=\"wp-image-619\" srcset=\"https:\/\/fotonareks.si\/nov\/wp-content\/uploads\/2026\/03\/Asset-2-695x1024.png 695w, https:\/\/fotonareks.si\/nov\/wp-content\/uploads\/2026\/03\/Asset-2-203x300.png 203w, https:\/\/fotonareks.si\/nov\/wp-content\/uploads\/2026\/03\/Asset-2-768x1132.png 768w, https:\/\/fotonareks.si\/nov\/wp-content\/uploads\/2026\/03\/Asset-2-100x147.png 100w, https:\/\/fotonareks.si\/nov\/wp-content\/uploads\/2026\/03\/Asset-2-1042x1536.png 1042w, https:\/\/fotonareks.si\/nov\/wp-content\/uploads\/2026\/03\/Asset-2-1389x2048.png 1389w, https:\/\/fotonareks.si\/nov\/wp-content\/uploads\/2026\/03\/Asset-2.png 1455w\" sizes=\"auto, (max-width: 695px) 100vw, 695px\" \/><\/figure>\n\n\n\n<figure class=\"wp-block-image size-large\"><img loading=\"lazy\" decoding=\"async\" width=\"683\" height=\"1024\" data-id=\"620\" src=\"https:\/\/fotonareks.si\/nov\/wp-content\/uploads\/2026\/03\/GFX08640-683x1024.jpg\" alt=\"\" class=\"wp-image-620\" srcset=\"https:\/\/fotonareks.si\/nov\/wp-content\/uploads\/2026\/03\/GFX08640-683x1024.jpg 683w, https:\/\/fotonareks.si\/nov\/wp-content\/uploads\/2026\/03\/GFX08640-200x300.jpg 200w, https:\/\/fotonareks.si\/nov\/wp-content\/uploads\/2026\/03\/GFX08640-768x1152.jpg 768w, https:\/\/fotonareks.si\/nov\/wp-content\/uploads\/2026\/03\/GFX08640-100x150.jpg 100w, https:\/\/fotonareks.si\/nov\/wp-content\/uploads\/2026\/03\/GFX08640-1024x1536.jpg 1024w, https:\/\/fotonareks.si\/nov\/wp-content\/uploads\/2026\/03\/GFX08640-1366x2048.jpg 1366w, https:\/\/fotonareks.si\/nov\/wp-content\/uploads\/2026\/03\/GFX08640-scaled.jpg 1707w\" sizes=\"auto, (max-width: 683px) 100vw, 683px\" \/><\/figure>\n<\/figure>\n\n\n\n<figure class=\"wp-block-table\"><table class=\"has-fixed-layout\"><tbody><tr><td>Mini paket<\/td><td>&#8211; 1 fotografija 21&#215;30<br>&#8211; 2 fotografiji 10&#215;15<br>&#8211; 2 digitalna posnetka<\/td><td>35\u20ac<\/td><\/tr><tr><td>Maxi paket<br>(velja samo za novoletno oz. bo\u017ei\u010dno fotografiranje)<\/td><td>&#8211; 1 fotografija 30&#215;40<br>&#8211; 10 fotografij 10&#215;15<br>&#8211; do 10  digitalnih posnetkov<\/td><td>80\u20ac<\/td><\/tr><\/tbody><\/table><\/figure>\n","protected":false},"excerpt":{"rendered":"<p>Ponujamo ve\u010d razli\u010dnih fotografiranj skozi vse leto : prazni\u010dna, poletna in za nevtralno. Vsako sezono pripravimo novo, edinstveno sceno, da so va\u0161e fotografije vedno sve\u017ee, unikatne in polne pristnih trenutkov, ki jih boste z veseljem ohranili za spomin. Spremljajte nas na dru\u017ebenih omre\u017ejih, da vidite, kak\u0161ne scene so trenutno na voljo. Bo\u017ei\u010dno oz. novoletno fotografiranje &hellip; <\/p>\n","protected":false},"author":1,"featured_media":0,"parent":0,"menu_order":0,"comment_status":"closed","ping_status":"closed","template":"","meta":{"footnotes":""},"class_list":["post-617","page","type-page","status-publish","hentry"],"_links":{"self":[{"href":"https:\/\/fotonareks.si\/nov\/index.php\/wp-json\/wp\/v2\/pages\/617","targetHints":{"allow":["GET"]}}],"collection":[{"href":"https:\/\/fotonareks.si\/nov\/index.php\/wp-json\/wp\/v2\/pages"}],"about":[{"href":"https:\/\/fotonareks.si\/nov\/index.php\/wp-json\/wp\/v2\/types\/page"}],"author":[{"embeddable":true,"href":"https:\/\/fotonareks.si\/nov\/index.php\/wp-json\/wp\/v2\/users\/1"}],"replies":[{"embeddable":true,"href":"https:\/\/fotonareks.si\/nov\/index.php\/wp-json\/wp\/v2\/comments?post=617"}],"version-history":[{"count":2,"href":"https:\/\/fotonareks.si\/nov\/index.php\/wp-json\/wp\/v2\/pages\/617\/revisions"}],"predecessor-version":[{"id":686,"href":"https:\/\/fotonareks.si\/nov\/index.php\/wp-json\/wp\/v2\/pages\/617\/revisions\/686"}],"wp:attachment":[{"href":"https:\/\/fotonareks.si\/nov\/index.php\/wp-json\/wp\/v2\/media?parent=617"}],"curies":[{"name":"wp","href":"https:\/\/api.w.org\/{rel}","templated":true}]}}