{"id":663,"date":"2026-03-17T07:46:57","date_gmt":"2026-03-17T07:46:57","guid":{"rendered":"https:\/\/fotonareks.si\/nov\/?page_id=663"},"modified":"2026-03-17T10:21:14","modified_gmt":"2026-03-17T10:21:14","slug":"materinsko-fotografiranje","status":"publish","type":"page","link":"https:\/\/fotonareks.si\/nov\/index.php\/materinsko-fotografiranje\/","title":{"rendered":"Materinsko fotografiranje"},"content":{"rendered":"\n<p id=\"block-ebd8ce3d-14a3-458e-b654-11f4a99cc655\">Materinstvo. Vznemirljivo, veselo, novo in posebno.<\/p>\n\n\n\n<p id=\"block-1c04f0f9-9242-47c8-9054-92a18f224fdb\">Od vedno ob\u010dudovano, pa vendar skrivnostno.<\/p>\n\n\n\n<p id=\"block-37a36636-b0c8-4780-8aa6-b42f34553fb2\">Meseci tihe, tople prisotnosti, meseci bli\u017eine brez besed.<\/p>\n\n\n\n<p id=\"block-9f66b7e3-b921-4d12-b881-f57ef03d1578\">Pravijo, da nobena \u017eenska ni lep\u0161a kot takrat, ko je nose\u010da in jo obdaja sijo\u010d \u017ear bodo\u010de mamice.<\/p>\n\n\n\n<p id=\"block-268e61ee-2dc5-4ef2-94cf-3fc6fa005da7\">Za ve\u010d informacij in rezervacije pi\u0161ite na e-po\u0161tni naslov <strong><a>mnareks@gmail.com<\/a><\/strong> ali pokli\u010dite na telefonsko \u0161tevilko <strong>041 681 244<\/strong>.<\/p>\n\n\n\n<figure class=\"wp-block-gallery has-nested-images columns-default is-cropped wp-block-gallery-1 is-layout-flex wp-block-gallery-is-layout-flex\">\n<figure class=\"wp-block-image size-large\"><img loading=\"lazy\" decoding=\"async\" width=\"768\" height=\"1024\" data-id=\"166\" src=\"https:\/\/fotonareks.si\/nov\/wp-content\/uploads\/2023\/10\/0033_DSCF0059-768x1024.jpg\" alt=\"\" class=\"wp-image-166\" srcset=\"https:\/\/fotonareks.si\/nov\/wp-content\/uploads\/2023\/10\/0033_DSCF0059-768x1024.jpg 768w, https:\/\/fotonareks.si\/nov\/wp-content\/uploads\/2023\/10\/0033_DSCF0059-225x300.jpg 225w, https:\/\/fotonareks.si\/nov\/wp-content\/uploads\/2023\/10\/0033_DSCF0059-1152x1536.jpg 1152w, https:\/\/fotonareks.si\/nov\/wp-content\/uploads\/2023\/10\/0033_DSCF0059-1536x2048.jpg 1536w, https:\/\/fotonareks.si\/nov\/wp-content\/uploads\/2023\/10\/0033_DSCF0059-scaled.jpg 1920w\" sizes=\"auto, (max-width: 768px) 100vw, 768px\" \/><\/figure>\n\n\n\n<figure class=\"wp-block-image size-large\"><img loading=\"lazy\" decoding=\"async\" width=\"1024\" height=\"683\" data-id=\"165\" src=\"https:\/\/fotonareks.si\/nov\/wp-content\/uploads\/2023\/10\/099_XT040215-1024x683.jpg\" alt=\"\" class=\"wp-image-165\" srcset=\"https:\/\/fotonareks.si\/nov\/wp-content\/uploads\/2023\/10\/099_XT040215-1024x683.jpg 1024w, https:\/\/fotonareks.si\/nov\/wp-content\/uploads\/2023\/10\/099_XT040215-300x200.jpg 300w, https:\/\/fotonareks.si\/nov\/wp-content\/uploads\/2023\/10\/099_XT040215-768x512.jpg 768w, https:\/\/fotonareks.si\/nov\/wp-content\/uploads\/2023\/10\/099_XT040215-1536x1024.jpg 1536w, https:\/\/fotonareks.si\/nov\/wp-content\/uploads\/2023\/10\/099_XT040215-2048x1365.jpg 2048w\" sizes=\"auto, (max-width: 1024px) 100vw, 1024px\" \/><\/figure>\n\n\n\n<figure class=\"wp-block-image size-large\"><img loading=\"lazy\" decoding=\"async\" width=\"683\" height=\"1024\" data-id=\"164\" src=\"https:\/\/fotonareks.si\/nov\/wp-content\/uploads\/2023\/10\/80_Z9N_7571-683x1024.jpg\" alt=\"\" class=\"wp-image-164\" srcset=\"https:\/\/fotonareks.si\/nov\/wp-content\/uploads\/2023\/10\/80_Z9N_7571-683x1024.jpg 683w, https:\/\/fotonareks.si\/nov\/wp-content\/uploads\/2023\/10\/80_Z9N_7571-200x300.jpg 200w, https:\/\/fotonareks.si\/nov\/wp-content\/uploads\/2023\/10\/80_Z9N_7571-768x1152.jpg 768w, https:\/\/fotonareks.si\/nov\/wp-content\/uploads\/2023\/10\/80_Z9N_7571-1024x1536.jpg 1024w, https:\/\/fotonareks.si\/nov\/wp-content\/uploads\/2023\/10\/80_Z9N_7571-1365x2048.jpg 1365w, https:\/\/fotonareks.si\/nov\/wp-content\/uploads\/2023\/10\/80_Z9N_7571-scaled.jpg 1707w\" sizes=\"auto, (max-width: 683px) 100vw, 683px\" \/><\/figure>\n<\/figure>\n\n\n\n<p class=\"has-medium-font-size\"><strong>Prazni\u010dno fotografiranje v studiu<\/strong><\/p>\n\n\n\n<figure class=\"wp-block-table\"><table class=\"has-fixed-layout\"><tbody><tr><td>Studijsko<\/td><td><\/td><td>80\u20ac<\/td><\/tr><tr><td>Na terenu ( v Slov. Konjicah )<\/td><td><\/td><td>120\u20ac<\/td><\/tr><\/tbody><\/table><\/figure>\n","protected":false},"excerpt":{"rendered":"<p>Materinstvo. Vznemirljivo, veselo, novo in posebno. Od vedno ob\u010dudovano, pa vendar skrivnostno. Meseci tihe, tople prisotnosti, meseci bli\u017eine brez besed. Pravijo, da nobena \u017eenska ni lep\u0161a kot takrat, ko je nose\u010da in jo obdaja sijo\u010d \u017ear bodo\u010de mamice. Za ve\u010d informacij in rezervacije pi\u0161ite na e-po\u0161tni naslov mnareks@gmail.com ali pokli\u010dite na telefonsko \u0161tevilko 041 681 &hellip; <\/p>\n","protected":false},"author":1,"featured_media":0,"parent":0,"menu_order":0,"comment_status":"closed","ping_status":"closed","template":"","meta":{"footnotes":""},"class_list":["post-663","page","type-page","status-publish","hentry"],"_links":{"self":[{"href":"https:\/\/fotonareks.si\/nov\/index.php\/wp-json\/wp\/v2\/pages\/663","targetHints":{"allow":["GET"]}}],"collection":[{"href":"https:\/\/fotonareks.si\/nov\/index.php\/wp-json\/wp\/v2\/pages"}],"about":[{"href":"https:\/\/fotonareks.si\/nov\/index.php\/wp-json\/wp\/v2\/types\/page"}],"author":[{"embeddable":true,"href":"https:\/\/fotonareks.si\/nov\/index.php\/wp-json\/wp\/v2\/users\/1"}],"replies":[{"embeddable":true,"href":"https:\/\/fotonareks.si\/nov\/index.php\/wp-json\/wp\/v2\/comments?post=663"}],"version-history":[{"count":2,"href":"https:\/\/fotonareks.si\/nov\/index.php\/wp-json\/wp\/v2\/pages\/663\/revisions"}],"predecessor-version":[{"id":711,"href":"https:\/\/fotonareks.si\/nov\/index.php\/wp-json\/wp\/v2\/pages\/663\/revisions\/711"}],"wp:attachment":[{"href":"https:\/\/fotonareks.si\/nov\/index.php\/wp-json\/wp\/v2\/media?parent=663"}],"curies":[{"name":"wp","href":"https:\/\/api.w.org\/{rel}","templated":true}]}}